{"id":37,"date":"2026-04-23T08:21:19","date_gmt":"2026-04-23T08:21:19","guid":{"rendered":"https:\/\/pbwrk221al.web.bib.de\/?page_id=37"},"modified":"2026-04-23T10:38:34","modified_gmt":"2026-04-23T10:38:34","slug":"schmetterling-fun-facts","status":"publish","type":"page","link":"https:\/\/pbwrk221al.web.bib.de\/","title":{"rendered":"Schmetterling Fun Facts"},"content":{"rendered":"\t\t<div data-elementor-type=\"wp-page\" data-elementor-id=\"37\" class=\"elementor elementor-37\">\n\t\t\t\t<div class=\"elementor-element elementor-element-d7a4f54 e-flex e-con-boxed e-con e-parent\" data-id=\"d7a4f54\" data-element_type=\"container\" data-e-type=\"container\">\n\t\t\t\t\t<div class=\"e-con-inner\">\n\t\t\t\t\t\t\t<h2 \n\t\tdata-interaction-id=\"019da8c\" \n\t\tclass=\"e-019da8c-0bb62de e-heading-base\" \n\t\t \n\t\t\n\t>\n\t\n\t\t\t&gt;Orangene Schmetterlinge&lt;\n\t\t<\/h2>\n\t\t\t\t\t<\/div>\n\t\t\t\t<\/div>\n\t\t<div class=\"elementor-element elementor-element-9bb9b14 e-flex e-con-boxed e-con e-parent\" data-id=\"9bb9b14\" data-element_type=\"container\" data-e-type=\"container\">\n\t\t\t\t\t<div class=\"e-con-inner\">\n\t\t<div class=\"elementor-element elementor-element-a31083c e-con-full e-flex e-con e-child\" data-id=\"a31083c\" data-element_type=\"container\" data-e-type=\"container\">\n\t\t\t\t\t\t\t\n\t\t<img class=\"e-image-base \" \n\t\t\t\t\tdata-interaction-id=\"4644a70\" \n\t\t \n\t\t \n\t\t\t\t\t\t\t\t\tid=\"45\"\n\t\t\t\t\t\t\t\t\t\t\t\tsrc=\"https:\/\/pbwrk221al.web.bib.de\/wp-content\/uploads\/2026\/04\/matt-johnson-Vdfv7EpVRZQ-unsplash-scaled.jpg\"\n\t\t\t\t\t\t\t\t\t\t\t\twidth=\"2048\"\n\t\t\t\t\t\t\t\t\t\t\t\theight=\"2560\"\n\t\t\t\t\t\t\t\t\t\t\t\tsrcset=\"https:\/\/pbwrk221al.web.bib.de\/wp-content\/uploads\/2026\/04\/matt-johnson-Vdfv7EpVRZQ-unsplash-scaled.jpg 2048w, https:\/\/pbwrk221al.web.bib.de\/wp-content\/uploads\/2026\/04\/matt-johnson-Vdfv7EpVRZQ-unsplash-240x300.jpg 240w, https:\/\/pbwrk221al.web.bib.de\/wp-content\/uploads\/2026\/04\/matt-johnson-Vdfv7EpVRZQ-unsplash-819x1024.jpg 819w, https:\/\/pbwrk221al.web.bib.de\/wp-content\/uploads\/2026\/04\/matt-johnson-Vdfv7EpVRZQ-unsplash-768x960.jpg 768w, https:\/\/pbwrk221al.web.bib.de\/wp-content\/uploads\/2026\/04\/matt-johnson-Vdfv7EpVRZQ-unsplash-1229x1536.jpg 1229w, https:\/\/pbwrk221al.web.bib.de\/wp-content\/uploads\/2026\/04\/matt-johnson-Vdfv7EpVRZQ-unsplash-1638x2048.jpg 1638w\"\n\t\t\t\t\t\t\t\t\t\t\t\talt=\"\"\n\t\t\t\t\t\t\/>\n\t\t\t\t\t<\/div>\n\t\t<div class=\"elementor-element elementor-element-e9aefcc e-con-full e-flex e-con e-child\" data-id=\"e9aefcc\" data-element_type=\"container\" data-e-type=\"container\">\n\t\t\t\t\t\t\t\n\t\t<img class=\"e-image-base \" \n\t\t\t\t\tdata-interaction-id=\"64593d4\" \n\t\t \n\t\t \n\t\t\t\t\t\t\t\t\tid=\"47\"\n\t\t\t\t\t\t\t\t\t\t\t\tsrc=\"https:\/\/pbwrk221al.web.bib.de\/wp-content\/uploads\/2026\/04\/fauve-dereyne-RWQzIe0EyUA-unsplash-scaled.jpg\"\n\t\t\t\t\t\t\t\t\t\t\t\twidth=\"2560\"\n\t\t\t\t\t\t\t\t\t\t\t\theight=\"1707\"\n\t\t\t\t\t\t\t\t\t\t\t\tsrcset=\"https:\/\/pbwrk221al.web.bib.de\/wp-content\/uploads\/2026\/04\/fauve-dereyne-RWQzIe0EyUA-unsplash-scaled.jpg 2560w, https:\/\/pbwrk221al.web.bib.de\/wp-content\/uploads\/2026\/04\/fauve-dereyne-RWQzIe0EyUA-unsplash-300x200.jpg 300w, https:\/\/pbwrk221al.web.bib.de\/wp-content\/uploads\/2026\/04\/fauve-dereyne-RWQzIe0EyUA-unsplash-1024x683.jpg 1024w, https:\/\/pbwrk221al.web.bib.de\/wp-content\/uploads\/2026\/04\/fauve-dereyne-RWQzIe0EyUA-unsplash-768x512.jpg 768w, https:\/\/pbwrk221al.web.bib.de\/wp-content\/uploads\/2026\/04\/fauve-dereyne-RWQzIe0EyUA-unsplash-1536x1024.jpg 1536w, https:\/\/pbwrk221al.web.bib.de\/wp-content\/uploads\/2026\/04\/fauve-dereyne-RWQzIe0EyUA-unsplash-2048x1366.jpg 2048w\"\n\t\t\t\t\t\t\t\t\t\t\t\talt=\"\"\n\t\t\t\t\t\t\/>\n\t\t\t\t\t<\/div>\n\t\t<div class=\"elementor-element elementor-element-a0a4baa e-con-full e-flex e-con e-child\" data-id=\"a0a4baa\" data-element_type=\"container\" data-e-type=\"container\">\n\t\t\t\t\t\t\t\n\t\t<img class=\"e-image-base \" \n\t\t\t\t\tdata-interaction-id=\"e4b9a79\" \n\t\t \n\t\t \n\t\t\t\t\t\t\t\t\tid=\"49\"\n\t\t\t\t\t\t\t\t\t\t\t\tsrc=\"https:\/\/pbwrk221al.web.bib.de\/wp-content\/uploads\/2026\/04\/garv-chaplot-ntMHZ-uaHSQ-unsplash-scaled.jpg\"\n\t\t\t\t\t\t\t\t\t\t\t\twidth=\"2560\"\n\t\t\t\t\t\t\t\t\t\t\t\theight=\"2560\"\n\t\t\t\t\t\t\t\t\t\t\t\tsrcset=\"https:\/\/pbwrk221al.web.bib.de\/wp-content\/uploads\/2026\/04\/garv-chaplot-ntMHZ-uaHSQ-unsplash-scaled.jpg 2560w, https:\/\/pbwrk221al.web.bib.de\/wp-content\/uploads\/2026\/04\/garv-chaplot-ntMHZ-uaHSQ-unsplash-300x300.jpg 300w, https:\/\/pbwrk221al.web.bib.de\/wp-content\/uploads\/2026\/04\/garv-chaplot-ntMHZ-uaHSQ-unsplash-1024x1024.jpg 1024w, https:\/\/pbwrk221al.web.bib.de\/wp-content\/uploads\/2026\/04\/garv-chaplot-ntMHZ-uaHSQ-unsplash-150x150.jpg 150w, https:\/\/pbwrk221al.web.bib.de\/wp-content\/uploads\/2026\/04\/garv-chaplot-ntMHZ-uaHSQ-unsplash-768x768.jpg 768w, https:\/\/pbwrk221al.web.bib.de\/wp-content\/uploads\/2026\/04\/garv-chaplot-ntMHZ-uaHSQ-unsplash-1536x1536.jpg 1536w, https:\/\/pbwrk221al.web.bib.de\/wp-content\/uploads\/2026\/04\/garv-chaplot-ntMHZ-uaHSQ-unsplash-2048x2048.jpg 2048w\"\n\t\t\t\t\t\t\t\t\t\t\t\talt=\"\"\n\t\t\t\t\t\t\/>\n\t\t\t\t\t<\/div>\n\t\t\t\t\t<\/div>\n\t\t\t\t<\/div>\n\t\t<div class=\"elementor-element elementor-element-269ec1b e-flex e-con-boxed e-con e-parent\" data-id=\"269ec1b\" data-element_type=\"container\" data-e-type=\"container\">\n\t\t\t\t\t<div class=\"e-con-inner\">\n\t\t\t\t\t\t\t<h2 \n\t\tdata-interaction-id=\"b25e553\" \n\t\tclass=\"e-b25e553-d920ba2 e-heading-base\" \n\t\t \n\t\t\n\t>\n\t\n\t\t\tFun Facts\n\t\t<\/h2>\n\t\t\t\t\t<\/div>\n\t\t\t\t<\/div>\n\t\t<div class=\"elementor-element elementor-element-34a6a10 e-flex e-con-boxed e-con e-parent\" data-id=\"34a6a10\" data-element_type=\"container\" data-e-type=\"container\">\n\t\t\t\t\t<div class=\"e-con-inner\">\n\t\t<div class=\"elementor-element elementor-element-fb39e74 e-con-full e-flex e-con e-child\" data-id=\"fb39e74\" data-element_type=\"container\" data-e-type=\"container\">\n\t\t\t\t\t\t\t<h2 \n\t\tdata-interaction-id=\"dae3f61\" \n\t\tclass=\"e-dae3f61-0793579 e-heading-base\" \n\t\t \n\t\t\n\t>\n\t\n\t\t\tSchmetterlinge tanzen im Fr\u00fchjahr durch die L\u00fcfte&gt;&gt;\n\t\t<\/h2>\n\t\t\t\t<\/div>\n\t\t<div class=\"elementor-element elementor-element-bb7511e e-con-full e-flex e-con e-child\" data-id=\"bb7511e\" data-element_type=\"container\" data-e-type=\"container\">\n\t\t\t\t\t\t\t\n\t\t<img class=\"e-image-base \" \n\t\t\t\t\tdata-interaction-id=\"b723720\" \n\t\t \n\t\t \n\t\t\t\t\t\t\t\t\tid=\"55\"\n\t\t\t\t\t\t\t\t\t\t\t\tsrc=\"https:\/\/pbwrk221al.web.bib.de\/wp-content\/uploads\/2026\/04\/matthias-oberholzer-zRDTuk7eJu0-unsplash-scaled.jpg\"\n\t\t\t\t\t\t\t\t\t\t\t\twidth=\"2560\"\n\t\t\t\t\t\t\t\t\t\t\t\theight=\"1707\"\n\t\t\t\t\t\t\t\t\t\t\t\tsrcset=\"https:\/\/pbwrk221al.web.bib.de\/wp-content\/uploads\/2026\/04\/matthias-oberholzer-zRDTuk7eJu0-unsplash-scaled.jpg 2560w, https:\/\/pbwrk221al.web.bib.de\/wp-content\/uploads\/2026\/04\/matthias-oberholzer-zRDTuk7eJu0-unsplash-300x200.jpg 300w, https:\/\/pbwrk221al.web.bib.de\/wp-content\/uploads\/2026\/04\/matthias-oberholzer-zRDTuk7eJu0-unsplash-1024x683.jpg 1024w, https:\/\/pbwrk221al.web.bib.de\/wp-content\/uploads\/2026\/04\/matthias-oberholzer-zRDTuk7eJu0-unsplash-768x512.jpg 768w, https:\/\/pbwrk221al.web.bib.de\/wp-content\/uploads\/2026\/04\/matthias-oberholzer-zRDTuk7eJu0-unsplash-1536x1024.jpg 1536w, https:\/\/pbwrk221al.web.bib.de\/wp-content\/uploads\/2026\/04\/matthias-oberholzer-zRDTuk7eJu0-unsplash-2048x1365.jpg 2048w\"\n\t\t\t\t\t\t\t\t\t\t\t\talt=\"\"\n\t\t\t\t\t\t\/>\n\t\t\t\t\t<\/div>\n\t\t<div class=\"elementor-element elementor-element-7810eb7 e-con-full e-flex e-con e-child\" data-id=\"7810eb7\" data-element_type=\"container\" data-e-type=\"container\">\n\t\t\t\t\t\t\t\n\t\t<img class=\"e-image-base \" \n\t\t\t\t\tdata-interaction-id=\"eaeff51\" \n\t\t \n\t\t \n\t\t\t\t\t\t\t\t\tid=\"60\"\n\t\t\t\t\t\t\t\t\t\t\t\tsrc=\"https:\/\/pbwrk221al.web.bib.de\/wp-content\/uploads\/2026\/04\/satheesh-narayanswamy-xDgexf8dznc-unsplash-scaled.jpg\"\n\t\t\t\t\t\t\t\t\t\t\t\twidth=\"2560\"\n\t\t\t\t\t\t\t\t\t\t\t\theight=\"1804\"\n\t\t\t\t\t\t\t\t\t\t\t\tsrcset=\"https:\/\/pbwrk221al.web.bib.de\/wp-content\/uploads\/2026\/04\/satheesh-narayanswamy-xDgexf8dznc-unsplash-scaled.jpg 2560w, https:\/\/pbwrk221al.web.bib.de\/wp-content\/uploads\/2026\/04\/satheesh-narayanswamy-xDgexf8dznc-unsplash-300x211.jpg 300w, https:\/\/pbwrk221al.web.bib.de\/wp-content\/uploads\/2026\/04\/satheesh-narayanswamy-xDgexf8dznc-unsplash-1024x722.jpg 1024w, https:\/\/pbwrk221al.web.bib.de\/wp-content\/uploads\/2026\/04\/satheesh-narayanswamy-xDgexf8dznc-unsplash-768x541.jpg 768w, https:\/\/pbwrk221al.web.bib.de\/wp-content\/uploads\/2026\/04\/satheesh-narayanswamy-xDgexf8dznc-unsplash-1536x1083.jpg 1536w, https:\/\/pbwrk221al.web.bib.de\/wp-content\/uploads\/2026\/04\/satheesh-narayanswamy-xDgexf8dznc-unsplash-2048x1444.jpg 2048w\"\n\t\t\t\t\t\t\t\t\t\t\t\talt=\"\"\n\t\t\t\t\t\t\/>\n\t\t\t\t\t<\/div>\n\t\t<div class=\"elementor-element elementor-element-a52f57d e-con-full e-flex e-con e-child\" data-id=\"a52f57d\" data-element_type=\"container\" data-e-type=\"container\">\n\t\t\t\t\t\t\t<h2 \n\t\tdata-interaction-id=\"58a73cd\" \n\t\tclass=\"e-58a73cd-435aee6 e-heading-base\" \n\t\t \n\t\t\n\t>\n\t\n\t\t\t<a target=\"_blank\" href=\"https:\/\/www.bing.com\/ck\/a?!&amp;&amp;p=0cba20d52ed809f3b81d46880bc214dd87c9d9d8d0ff3294403074fda6aa90eeJmltdHM9MTc3NjkwMjQwMA&amp;ptn=3&amp;ver=2&amp;hsh=4&amp;fclid=2c3387b5-551a-66ef-1e94-90f154486708&amp;u=a1aHR0cHM6Ly93d2YtanVnZW5kLmRlL3NjaG1ldHRlcmxpbmdlLXVuZC1paHJlLXJla29yZGUtZmFudGFzdGlzY2hlLWZha3Rlbi8&amp;ntb=1\" id=\"e-mobbbxc5-94ua6k5\"><strong id=\"e-mobbbxc5-pmjx5pv\">&lt;&lt;Schmetterlinge k\u00f6nnen kilometerweite Entfernungen in kurzer Zeit orten<\/strong><\/a>\n\t\t<\/h2>\n\t\t\t\t<\/div>\n\t\t\t\t\t<\/div>\n\t\t\t\t<\/div>\n\t\t<div class=\"elementor-element elementor-element-d60cb5b e-flex e-con-boxed e-con e-parent\" data-id=\"d60cb5b\" data-element_type=\"container\" data-e-type=\"container\">\n\t\t\t\t\t<div class=\"e-con-inner\">\n\t\t<div class=\"elementor-element elementor-element-8d64487 e-con-full e-flex e-con e-child\" data-id=\"8d64487\" data-element_type=\"container\" data-e-type=\"container\">\n\t\t\t\t\t\t\t\n\t\t<img class=\"e-image-base \" \n\t\t\t\t\tdata-interaction-id=\"f43de22\" \n\t\t \n\t\t \n\t\t\t\t\t\t\t\t\tid=\"62\"\n\t\t\t\t\t\t\t\t\t\t\t\tsrc=\"https:\/\/pbwrk221al.web.bib.de\/wp-content\/uploads\/2026\/04\/matthias-oberholzer-YYgtZmLRNlU-unsplash-scaled.jpg\"\n\t\t\t\t\t\t\t\t\t\t\t\twidth=\"2560\"\n\t\t\t\t\t\t\t\t\t\t\t\theight=\"1707\"\n\t\t\t\t\t\t\t\t\t\t\t\tsrcset=\"https:\/\/pbwrk221al.web.bib.de\/wp-content\/uploads\/2026\/04\/matthias-oberholzer-YYgtZmLRNlU-unsplash-scaled.jpg 2560w, https:\/\/pbwrk221al.web.bib.de\/wp-content\/uploads\/2026\/04\/matthias-oberholzer-YYgtZmLRNlU-unsplash-300x200.jpg 300w, https:\/\/pbwrk221al.web.bib.de\/wp-content\/uploads\/2026\/04\/matthias-oberholzer-YYgtZmLRNlU-unsplash-1024x683.jpg 1024w, https:\/\/pbwrk221al.web.bib.de\/wp-content\/uploads\/2026\/04\/matthias-oberholzer-YYgtZmLRNlU-unsplash-768x512.jpg 768w, https:\/\/pbwrk221al.web.bib.de\/wp-content\/uploads\/2026\/04\/matthias-oberholzer-YYgtZmLRNlU-unsplash-1536x1024.jpg 1536w, https:\/\/pbwrk221al.web.bib.de\/wp-content\/uploads\/2026\/04\/matthias-oberholzer-YYgtZmLRNlU-unsplash-2048x1365.jpg 2048w\"\n\t\t\t\t\t\t\t\t\t\t\t\talt=\"\"\n\t\t\t\t\t\t\/>\n\t\t\t\t\t<\/div>\n\t\t<div class=\"elementor-element elementor-element-ef390f8 e-con-full e-flex e-con e-child\" data-id=\"ef390f8\" data-element_type=\"container\" data-e-type=\"container\">\n\t\t\t\t\t\t\t\n\t\t<img class=\"e-image-base \" \n\t\t\t\t\tdata-interaction-id=\"e570806\" \n\t\t \n\t\t \n\t\t\t\t\t\t\t\t\tid=\"61\"\n\t\t\t\t\t\t\t\t\t\t\t\tsrc=\"https:\/\/pbwrk221al.web.bib.de\/wp-content\/uploads\/2026\/04\/shaueel-persadee-_DOiAYdXgIU-unsplash-scaled.jpg\"\n\t\t\t\t\t\t\t\t\t\t\t\twidth=\"2560\"\n\t\t\t\t\t\t\t\t\t\t\t\theight=\"1587\"\n\t\t\t\t\t\t\t\t\t\t\t\tsrcset=\"https:\/\/pbwrk221al.web.bib.de\/wp-content\/uploads\/2026\/04\/shaueel-persadee-_DOiAYdXgIU-unsplash-scaled.jpg 2560w, https:\/\/pbwrk221al.web.bib.de\/wp-content\/uploads\/2026\/04\/shaueel-persadee-_DOiAYdXgIU-unsplash-300x186.jpg 300w, https:\/\/pbwrk221al.web.bib.de\/wp-content\/uploads\/2026\/04\/shaueel-persadee-_DOiAYdXgIU-unsplash-1024x635.jpg 1024w, https:\/\/pbwrk221al.web.bib.de\/wp-content\/uploads\/2026\/04\/shaueel-persadee-_DOiAYdXgIU-unsplash-768x476.jpg 768w, https:\/\/pbwrk221al.web.bib.de\/wp-content\/uploads\/2026\/04\/shaueel-persadee-_DOiAYdXgIU-unsplash-1536x952.jpg 1536w, https:\/\/pbwrk221al.web.bib.de\/wp-content\/uploads\/2026\/04\/shaueel-persadee-_DOiAYdXgIU-unsplash-2048x1270.jpg 2048w\"\n\t\t\t\t\t\t\t\t\t\t\t\talt=\"\"\n\t\t\t\t\t\t\/>\n\t\t\t\t\t<\/div>\n\t\t<div class=\"elementor-element elementor-element-fac9295 e-con-full e-flex e-con e-child\" data-id=\"fac9295\" data-element_type=\"container\" data-e-type=\"container\">\n\t\t\t\t\t\t\t<h2 \n\t\tdata-interaction-id=\"565f6a2\" \n\t\tclass=\"e-565f6a2-bd5ad5d e-heading-base\" \n\t\t \n\t\t\n\t>\n\t\n\t\t\t<a target=\"_blank\" href=\"https:\/\/www.bing.com\/ck\/a?!&amp;&amp;p=0cba20d52ed809f3b81d46880bc214dd87c9d9d8d0ff3294403074fda6aa90eeJmltdHM9MTc3NjkwMjQwMA&amp;ptn=3&amp;ver=2&amp;hsh=4&amp;fclid=2c3387b5-551a-66ef-1e94-90f154486708&amp;u=a1aHR0cHM6Ly93d2YtanVnZW5kLmRlL3NjaG1ldHRlcmxpbmdlLXVuZC1paHJlLXJla29yZGUtZmFudGFzdGlzY2hlLWZha3Rlbi8&amp;ntb=1\" id=\"e-mobcfeis-rapbcuv\"><strong id=\"e-mobcfeis-ni7m8yi\">Der kleinste nachtaktive Schmetterling ist Stigmella ridiculosa, der nur zwei Millimeter gro\u00df ist!<\/strong><\/a>\n\t\t<\/h2>\n\t\t\t\t<\/div>\n\t\t\t\t\t<\/div>\n\t\t\t\t<\/div>\n\t\t\t\t<\/div>\n\t\t","protected":false},"excerpt":{"rendered":"<p>&gt;Orangene Schmetterlinge&lt; Fun Facts Schmetterlinge tanzen im Fr\u00fchjahr durch die L\u00fcfte&gt;&gt; &lt;&lt;Schmetterlinge k\u00f6nnen kilometerweite Entfernungen in kurzer Zeit orten Der kleinste nachtaktive Schmetterling ist Stigmella ridiculosa, der nur zwei Millimeter gro\u00df ist!<\/p>\n","protected":false},"author":1,"featured_media":0,"parent":0,"menu_order":0,"comment_status":"closed","ping_status":"closed","template":"elementor_canvas","meta":{"footnotes":""},"class_list":["post-37","page","type-page","status-publish","hentry"],"_links":{"self":[{"href":"https:\/\/pbwrk221al.web.bib.de\/index.php?rest_route=\/wp\/v2\/pages\/37","targetHints":{"allow":["GET"]}}],"collection":[{"href":"https:\/\/pbwrk221al.web.bib.de\/index.php?rest_route=\/wp\/v2\/pages"}],"about":[{"href":"https:\/\/pbwrk221al.web.bib.de\/index.php?rest_route=\/wp\/v2\/types\/page"}],"author":[{"embeddable":true,"href":"https:\/\/pbwrk221al.web.bib.de\/index.php?rest_route=\/wp\/v2\/users\/1"}],"replies":[{"embeddable":true,"href":"https:\/\/pbwrk221al.web.bib.de\/index.php?rest_route=%2Fwp%2Fv2%2Fcomments&post=37"}],"version-history":[{"count":13,"href":"https:\/\/pbwrk221al.web.bib.de\/index.php?rest_route=\/wp\/v2\/pages\/37\/revisions"}],"predecessor-version":[{"id":69,"href":"https:\/\/pbwrk221al.web.bib.de\/index.php?rest_route=\/wp\/v2\/pages\/37\/revisions\/69"}],"wp:attachment":[{"href":"https:\/\/pbwrk221al.web.bib.de\/index.php?rest_route=%2Fwp%2Fv2%2Fmedia&parent=37"}],"curies":[{"name":"wp","href":"https:\/\/api.w.org\/{rel}","templated":true}]}}